{"id":18,"date":"2017-05-04T13:50:44","date_gmt":"2017-05-04T13:50:44","guid":{"rendered":"http:\/\/ozgard.net\/?page_id=18"},"modified":"2025-06-15T11:16:23","modified_gmt":"2025-06-15T11:16:23","slug":"books-non-fiction","status":"publish","type":"page","link":"https:\/\/ozgard.net\/?page_id=18","title":{"rendered":"Books &#8211; non-fiction"},"content":{"rendered":"\n<h2 class=\"wp-block-heading has-text-color has-link-color wp-elements-9aeb1a1860606c67df64f42e9206b84c\" style=\"color:#25648e\">Recently published by Inner Traditions<\/h2>\n\n\n\n<div class=\"wp-block-columns is-layout-flex wp-container-core-columns-is-layout-1 wp-block-columns-is-layout-flex\">\n<div class=\"wp-block-column is-layout-flow wp-block-column-is-layout-flow\" style=\"flex-basis:33.33%\">\n<figure class=\"wp-block-image size-full is-resized\"><img loading=\"lazy\" decoding=\"async\" width=\"145\" height=\"218\" src=\"https:\/\/ozgard.net\/wp-content\/uploads\/2025\/06\/COG-front-1.jpg\" alt=\"\" class=\"wp-image-695\" style=\"width:332px;height:auto\"\/><\/figure>\n<\/div>\n\n\n\n<div class=\"wp-block-column is-layout-flow wp-block-column-is-layout-flow\" style=\"flex-basis:66.66%\">\n<h2 class=\"wp-block-heading has-vivid-red-color has-text-color has-link-color wp-elements-e77f1b1a14bec61a044399d05a877358\"><strong>A SPIRITUAL AUTOBIOGRAPHY<\/strong><\/h2>\n\n\n\n<p>Having spent the greater part of my life writing books on the world of the esoteric and works of fiction and biography, in this book I talk about my own life and spiritual path, and the roundabout journey has led me to the Pagan way. I describe how my writing and my spiritual quest have been paralleled by a career that has included periods as a journalist in London, a United Nations officer in New York and a UNESCO executive in Hamburg. I also include:<\/p>\n\n\n\n<ul>\n<li>Reflections on Paganism as a whole and its modern revival in Europe, North America and elsewhere.<\/li>\n<\/ul>\n\n\n\n<ul>\n<li>A discussion of various Pagan, esoteric and traditional practices, including Stav (a form of Nordic Tai Chi), sacred gardening, folk dancing, and seasonal rituals and ceremonies<\/li>\n<\/ul>\n\n\n\n<ul>\n<li> Accounts of my friendships and encounters with fascinating people &#8211; famous and less famous &#8211; whom I have encountered on my journey.<\/li>\n<\/ul>\n\n\n\n<p>Published by Inner Traditions * Bear &amp; Company<br>One Park Street, Rochester, VT 05767, USA<br>www.InnerTraditios.com<\/p>\n<\/div>\n<\/div>\n\n\n\n<p class=\"has-text-color has-large-font-size\" style=\"color:#d31e21\"><strong>Also<\/strong> <strong>from Inner Traditions International<\/strong>:<\/p>\n\n\n\n<figure class=\"wp-block-image size-large\"><img loading=\"lazy\" decoding=\"async\" width=\"681\" height=\"1024\" src=\"https:\/\/ozgard.net\/wp-content\/uploads\/2023\/08\/Cover-1-681x1024.png\" alt=\"\" class=\"wp-image-637\" srcset=\"https:\/\/ozgard.net\/wp-content\/uploads\/2023\/08\/Cover-1-681x1024.png 681w, https:\/\/ozgard.net\/wp-content\/uploads\/2023\/08\/Cover-1-200x300.png 200w, https:\/\/ozgard.net\/wp-content\/uploads\/2023\/08\/Cover-1-768x1155.png 768w, https:\/\/ozgard.net\/wp-content\/uploads\/2023\/08\/Cover-1.png 896w\" sizes=\"(max-width: 681px) 100vw, 681px\" \/><\/figure>\n\n\n\n<p class=\"has-text-color has-large-font-size\" style=\"color:#e42a2a\">Pre-order from:<\/p>\n\n\n\n<p><a href=\"https:\/\/www.innertraditions.com\/books\/occult-germany\"><strong>https:\/\/www.innertraditions.com\/books\/occult-germany<\/strong><\/a><\/p>\n\n\n\n<p><a href=\"https:\/\/www.simonandschuster.com\/books\/Occult-Germany\/Christopher-McIntosh\/9781644117347\"><strong>https:\/\/www.simonandschuster.com\/books\/Occult-Germany\/Christopher-McIntosh\/9781644117347<\/strong><\/a><\/p>\n\n\n\n<p><a rel=\"noreferrer noopener\" href=\"https:\/\/www.barnesandnoble.com\/w\/books\/1143792911?ean=9781644117347&amp;st=AFF&amp;2sid=Simon%20&amp;%20Schuster_7567305_NA&amp;sourceId=AFFSimon%20&amp;%20Schuster\" target=\"_blank\"><strong>Barnes &amp; Noble<\/strong><\/a><\/p>\n\n\n\n<p><a rel=\"noreferrer noopener\" href=\"https:\/\/www.amazon.com\/exec\/obidos\/ASIN\/1644117347?tag=simonsayscom\" target=\"_blank\"><strong>Amazon<\/strong><\/a><\/p>\n\n\n\n<p><a rel=\"noreferrer noopener\" href=\"https:\/\/www.booksamillion.com\/p\/9781644117347\" target=\"_blank\"><strong>Books A Million<\/strong><\/a><\/p>\n\n\n\n<p><a rel=\"noreferrer noopener\" href=\"https:\/\/bookshop.org\/p\/books\/occult-germany-old-gods-mystics-and-magicians-christopher-mcintosh\/20277612?ean=9781644117347\" target=\"_blank\"><strong>Bookshop.org<\/strong><\/a><\/p>\n\n\n\n<p><\/p>\n\n\n\n<p class=\"has-text-color has-large-font-size\" style=\"color:#1087ba\"><strong>For further details, see &#8220;News&#8221;<\/strong><\/p>\n\n\n\n<p><\/p>\n\n\n\n<p><\/p>\n\n\n\n<p style=\"font-size:25px\"><strong><span class=\"has-inline-color has-vivid-red-color\">OCCULT RUSSIA:<br>PAGAN, ESOTERIC AND MYSTICAL TRADITIONS<\/span><\/strong><br><strong><span style=\"color:#307095\" class=\"has-inline-color\">by Christopher McIntosh<\/span><\/strong><\/p>\n\n\n\n<figure class=\"wp-block-image size-large is-resized\"><img loading=\"lazy\" decoding=\"async\" width=\"826\" height=\"1024\" src=\"https:\/\/ozgard.net\/wp-content\/uploads\/2022\/07\/13.1.-Uglanov-painting-4-826x1024.jpg\" alt=\"\" class=\"wp-image-168\" style=\"width:572px;height:709px\" srcset=\"https:\/\/ozgard.net\/wp-content\/uploads\/2022\/07\/13.1.-Uglanov-painting-4-826x1024.jpg 826w, https:\/\/ozgard.net\/wp-content\/uploads\/2022\/07\/13.1.-Uglanov-painting-4-242x300.jpg 242w, https:\/\/ozgard.net\/wp-content\/uploads\/2022\/07\/13.1.-Uglanov-painting-4-768x952.jpg 768w, https:\/\/ozgard.net\/wp-content\/uploads\/2022\/07\/13.1.-Uglanov-painting-4-1239x1536.jpg 1239w, https:\/\/ozgard.net\/wp-content\/uploads\/2022\/07\/13.1.-Uglanov-painting-4-1652x2048.jpg 1652w, https:\/\/ozgard.net\/wp-content\/uploads\/2022\/07\/13.1.-Uglanov-painting-4.jpg 1936w\" sizes=\"(max-width: 826px) 100vw, 826px\" \/><\/figure>\n\n\n\n<p>At a time when attitudes to Russia are often marked by a mood of accusation and mistrust, this book looks behind the image of the country touted in the western media and explores the currents of mysticism, myth, magic and spiritual to which the Russian soul has always been susceptible, currents that are now moving again with the force of a great river, long ice-bound during the communist years. In the post-Soviet era the Russian people are seeking new \u2013 or often old \u2013 ways of giving meaning to their lives. This search has given rise both to a revival of ancient spiritual traditions and to a plethora of new movements, cults, sects, -isms and -ologies. In the opening chapters the author explores the precursors of these movements in the \u201cSilver Age\u201d before the Revolution, and describes how, suprisingly, many of them survived through the early post-revolutionary years, only to be crushed and decimated during the Stalinist terror.<br><br>The book goes on to discuss the reawakening after 1989 with the resurgence of the Orthodox Church and the burgeoning of alternative forms of spirituality, ranging from esoteric and New Age movements to new conservative tendencies and a glorification of the ancient Russian past. A chapter is devoted to the controversial <em>Book of Veles<\/em>, branded by some as a forgery and hailed by others as an epic chronicle of the Slavic people. Further chapters describe how millions of Russians are turning or returning to the Orthodox Church, while paganism and neo-paganism are also enjoying a revival, including the indigenous pre-Christian customs of the Mari people and the shamanic traditions of Siberia. The author also speaks about indigenous and alternative forms of medicine, about Russian attitudes to love and sexuality, and about the interface between spirituality and the arts. A chapter is devoted to the Russian language, its unique qualities as a spiritual medium and its role in shaping the Russian soul.<\/p>\n\n\n\n<p>Publication date: December 20<br>Obtainable from:<\/p>\n\n\n\n<p><a href=\"https:\/\/www.barnesandnoble.com\/w\/occult-russia-christopher-mcintosh\/1141115589?ean=9781644114186\" data-type=\"URL\" data-id=\"https:\/\/www.barnesandnoble.com\/w\/occult-russia-christopher-mcintosh\/1141115589?ean=9781644114186\">https:\/\/www.barnesandn<\/a><a href=\"https:\/\/www.barnesandnoble.com\/w\/occult-russia-christopher-mcintosh\/1141115589?ean=9781644114186\">oble.com\/w\/occult-russia-christopher-mcintosh\/1141115589?ean=9781644114186<\/a><\/p>\n\n\n\n<p><a href=\"https:\/\/www.amazon.com\/Occult-Russia\">https:\/\/www.amazon.com\/Occult-Russia<\/a><\/p>\n\n\n\n<p><a href=\"https:\/\/www.innertraditions.com\/books\/occult-russia\">https:\/\/www.innertraditions.com\/books\/occult-russia<\/a><\/p>\n\n\n\n<p><a href=\"https:\/\/www.booksamillion.com\/p\/Occult-Russia\/Christopher-McIntosh\/9781644114186?id=8566132722941\">https:\/\/www.booksamillion.com\/p\/Occult-Russia\/Christopher-McIntosh\/9781644114186?id=8566132722941<\/a><\/p>\n\n\n\n<p><a href=\"https:\/\/bookshop.org\/books\/occult-russia-pagan-esoteric-and-mystical-traditions\/9781644114186\">https:\/\/bookshop.org\/books\/occult-russia-pagan-esoteric-and-mystical-traditions\/9781644114186<\/a><\/p>\n\n\n\n<p><a href=\"http:\/\/simonandschuster.co.uk\/books\/Occult-Russia\/Christopher-McIntosh\/9781644114186\">http:\/\/simonandschuster.co.uk\/books\/Occult-Russia\/Christopher-McIntosh\/9781644114186<\/a><\/p>\n\n\n\n<p><\/p>\n\n\n\n<p><\/p>\n\n\n\n<h4 class=\"wp-block-heading\" style=\"font-size:27px\">Beyond the North Wind<\/h4>\n\n\n\n<figure class=\"wp-block-image alignleft\"><img loading=\"lazy\" decoding=\"async\" width=\"300\" height=\"214\" src=\"https:\/\/ozgard.net\/wp-content\/uploads\/2017\/05\/North-Wind-covers-300x214.jpg\" alt=\"\" class=\"wp-image-130\" srcset=\"https:\/\/ozgard.net\/wp-content\/uploads\/2017\/05\/North-Wind-covers-300x214.jpg 300w, https:\/\/ozgard.net\/wp-content\/uploads\/2017\/05\/North-Wind-covers-768x547.jpg 768w, https:\/\/ozgard.net\/wp-content\/uploads\/2017\/05\/North-Wind-covers-1024x730.jpg 1024w\" sizes=\"(max-width: 300px) 100vw, 300px\" \/><\/figure>\n\n\n\n<p class=\"has-medium-font-size\">An exploration of the mystique of the North from ancient times to the present day.<br>Publisher: Weiser Books, Newburyport, Massachusetts, USA.<br>ISBN:978-1-57863-640-2.<\/p>\n\n\n\n<p><\/p>\n\n\n\n<h4 class=\"wp-block-heading\"><strong><br>Eliphas L\u00e9vi and the French Occult Revival<br>(Revised edition, Albany, New York: SUNY Press, 2011)<\/strong><\/h4>\n\n\n\n<figure class=\"wp-block-image alignleft\"><img loading=\"lazy\" decoding=\"async\" width=\"208\" height=\"300\" src=\"https:\/\/ozgard.net\/wp-content\/uploads\/2017\/05\/Eliphas-L\u00e9vi-in-1862-208x300.png\" alt=\"\" class=\"wp-image-54\" srcset=\"https:\/\/ozgard.net\/wp-content\/uploads\/2017\/05\/Eliphas-L\u00e9vi-in-1862-208x300.png 208w, https:\/\/ozgard.net\/wp-content\/uploads\/2017\/05\/Eliphas-L\u00e9vi-in-1862.png 351w\" sizes=\"(max-width: 208px) 100vw, 208px\" \/><\/figure>\n\n\n\n<p class=\"has-text-align-left\"> This classic study examines a remarkable era in the istory of occultism. Its central focus is Eliphas L\u00e9vi (1810-1875), would-be priest, revolutionary socialist, utopian visionary, artist, poet and, above all, author of a number of seminal books on magic and occultism. It is largely thanks to L\u00e9vi that the Tarot is so widely used today as a divinatory method and a system of esoteric symbolism. The magicians of the Golden Dawn were influenced by him, and Aleister Crowley believed himself to be L\u00e9vi\u2019s reincarnation. The book is not only about L\u00e9vi and his era but also about the remarkable figures who preceded and followed him \u2013 the esoteric Freemasons and Illuminati of the 18th century, and later figures such as the Rosicrucian magus Jos\u00e9phin P\u00e9ladan, the occultist Papus (G\u00e9rard Encausse) and the writer Joris-Karl Huysmans, whose work drew strongly on occult themes. These people were avatars of a set of traditions which are now seen as an important part of the western heritage.<\/p>\n\n\n\n<div class=\"cc-m-hgrid-column last\">\n<div id=\"cc-matrix-2593589422\">\n<div id=\"cc-m-9718479422\" class=\"j-module n j-text \">\n<h4><strong><br>The Rosicrucians: The History, Mythology and Rituals of an&nbsp;Esoteric Order<br>(Revised edition, Newburyport, Massachusetts:&nbsp;Red Wheel\/Weiser, 1998)<\/strong><\/h4>\n<p>This book traces the history of Rosicrucianism from its mysterious origins in 17th-century Germany up to the various revivals and offshoots and orders that have plugged into the Rosicrucian legend, such as the Hermetic Order of the Golden Dawn.<\/p>\n<h4><strong><br>The Rose Cross and the Age of Reason: Eighteenth-Century Rosicrucianism in Central Europe and its Relationship to the Enlightenment<br>(Revised edition, Albany, New York: SUNY Press, 2011)<br><\/strong><\/h4>\n<div class=\"cc-m-hgrid-column last\">\n<div id=\"cc-matrix-2593604922\">\n<div id=\"cc-m-9749196522\" class=\"j-module n j-text \">\n<p>The Golden and Rosy Cross order. The order stands out as one of the most fascinating and influential of the high-degree Masonic and Illuminist groups that mushroomed in Europe from the 18th century onward. Active mainly in the German-speaking lands, it recast the original Rosicrucian vision and gave it renewed vitality. At one point it became politically influential when the Prussian King, Frederick William II, was a member of the order. Historians have often perceived the Golden and Rosy Cross as having had a conservative, anti-Enlightenment agenda, but this study\u2014drawing on rare German sources\u2014shows that the matter was more complex. The members of the order practiced alchemy and operated a degree system that was imitated by later orders, such as the Golden Dawn. Like the latter, the Golden and Rosy Cross exerted a wide and enduring cultural influence.<\/p>\n<div class=\"cc-m-hgrid-column last\">\n<div id=\"cc-matrix-3239877722\">\n<div id=\"cc-m-11597235822\" class=\"j-module n j-text \">\n<h4><strong>Gardens of the Gods<\/strong><br>(London: I.B.Tauris, 2005)<\/h4>\n<figure><img loading=\"lazy\" decoding=\"async\" class=\"size-medium wp-image-76 alignright\" src=\"https:\/\/ozgard.net\/wp-content\/uploads\/2017\/05\/IMG_20170814_0004-197x300.jpg\" alt=\"\" width=\"197\" height=\"300\" srcset=\"https:\/\/ozgard.net\/wp-content\/uploads\/2017\/05\/IMG_20170814_0004-197x300.jpg 197w, https:\/\/ozgard.net\/wp-content\/uploads\/2017\/05\/IMG_20170814_0004-768x1167.jpg 768w, https:\/\/ozgard.net\/wp-content\/uploads\/2017\/05\/IMG_20170814_0004-674x1024.jpg 674w, https:\/\/ozgard.net\/wp-content\/uploads\/2017\/05\/IMG_20170814_0004.jpg 1806w\" sizes=\"(max-width: 197px) 100vw, 197px\" \/><\/figure><p>This book is an invitation to look at and create gardens in a new way \u2013 or rather a very old way that has been widely forgotten. It theme is the garden as a sacred space, an outdoor temple carrying an intentional message: religious, mystical, poetic or philosophical. A chapter gives some practical ideas for creating one\u2019s own sacred or symbolic garden, whether in a space of many acres or a pocket-handkerchief back yard. An appendix provides a list of plants and their symbolic meanings, and the illustrations include some of the most beautiful and richly symbolic gardens in the world.<\/p>\n<\/div>\n<\/div>\n<\/div>\n<div class=\"cc-m-hgrid-overlay\" data-display=\"cms-only\">&nbsp;<\/div>\n<div class=\"cc-m-hgrid-column last\">\n<div id=\"cc-matrix-2650413522\">\n<div id=\"cc-m-9868121222\" class=\"j-module n j-text \">\n<h4><strong><br>The Swan King: Ludwig II of Bavaria<br>(London: I.B. Tauris, 2012)<br><\/strong><\/h4>\n<figure><img loading=\"lazy\" decoding=\"async\" class=\"size-medium wp-image-75 alignleft\" src=\"https:\/\/ozgard.net\/wp-content\/uploads\/2017\/05\/IMG_20170814_0001-190x300.jpg\" alt=\"\" width=\"190\" height=\"300\" srcset=\"https:\/\/ozgard.net\/wp-content\/uploads\/2017\/05\/IMG_20170814_0001-190x300.jpg 190w, https:\/\/ozgard.net\/wp-content\/uploads\/2017\/05\/IMG_20170814_0001-768x1212.jpg 768w, https:\/\/ozgard.net\/wp-content\/uploads\/2017\/05\/IMG_20170814_0001-649x1024.jpg 649w, https:\/\/ozgard.net\/wp-content\/uploads\/2017\/05\/IMG_20170814_0001.jpg 1482w\" sizes=\"(max-width: 190px) 100vw, 190px\" \/><\/figure><p><em>The Swan King<\/em> is the biography of one of the most enigmatic figures of the 19th&nbsp;&nbsp; century, described by Verlaine as &#8216;the only true king of his century&#8217;. A man of wildly eccentric temperament and touched by a rare, imaginative genius, Ludwig II of Bavaria is remembered both for his patronage of Richard Wagner and for the fabulous palaces which he created as part of a dream-world to escape the responsibilities of state. In realization of his fantasies, he created a ferment of creativity among artists and craftsmen, while his neglect of Bavaria&#8217;s political interests made powerful enemies among those critical of his self-indulgence and excesses. At the age of 40, declared insane in a plot to depose him, Ludwig died in mysterious circumstances.<\/p>\n<h4><strong>Ian Hamilton Finlay &#8211; A Memoir<\/strong><br>(Vanadis Texts, 2014. www.vanadis.org)<\/h4>\n<figure><img loading=\"lazy\" decoding=\"async\" class=\"size-medium wp-image-81 alignleft\" src=\"https:\/\/ozgard.net\/wp-content\/uploads\/2017\/05\/Ian_Hamilton_Finlay__Cover_for_Kindle-194x300.jpg\" alt=\"\" width=\"194\" height=\"300\" srcset=\"https:\/\/ozgard.net\/wp-content\/uploads\/2017\/05\/Ian_Hamilton_Finlay__Cover_for_Kindle-194x300.jpg 194w, https:\/\/ozgard.net\/wp-content\/uploads\/2017\/05\/Ian_Hamilton_Finlay__Cover_for_Kindle-768x1187.jpg 768w, https:\/\/ozgard.net\/wp-content\/uploads\/2017\/05\/Ian_Hamilton_Finlay__Cover_for_Kindle-662x1024.jpg 662w, https:\/\/ozgard.net\/wp-content\/uploads\/2017\/05\/Ian_Hamilton_Finlay__Cover_for_Kindle.jpg 1297w\" sizes=\"(max-width: 194px) 100vw, 194px\" \/><\/figure><p>This is a personal portrait of the Scottish poet and artist Ian Hamilton Finlay, his life and work. It recounts Finlay&#8217;s emergence as an avant-garde writer and poet in the 1950s, the creation, together with his wife Sue, of his famous garden at his home Stonypath-Little Sparta in Lanarkshire, his espousal of the ideals of the French Revolution, his defence of classical values, his idiosyncratic form of paganism, his struggle against what he called the \u201csecular terror\u201d, his many battles. Having been seen by many as an enfant terrible, he was in his later years f\u00eated by the establishment, given honorary doctorates and an honorary professorship, awarded a CBE and hailed as Scotland\u2019s greatest artist. Today he has a world-wide reputation, and in 2004 a panel of artists and arts professionals voted the garden at Stonypath-Little Sparta the most important work of Scottish art. This lively personal tribute is a must for Finlay scholars and admirers.<\/p>\n<h4><strong><br>FAMA FRATERNITATIS. <\/strong>Manifesto of the Most Praiseworthy Order of the Rosy Cross, addressed to all the rulers, estates and learned of Europe. <em>Translated from the original German and annotated by&nbsp;<\/em><em>Christopher McIntosh and Donate Pahnke McIntosh, with an introduction by Christopher McIntosh <\/em>(Vanadis Texts, 2014. www.vanadis.org)<em><br><\/em><\/h4>\n<\/div>\n<\/div>\n<\/div>\n<\/div>\n<\/div>\n<\/div>\n<\/div>\n<\/div>\n<\/div>\n\n\n\n<div class=\"cc-m-hgrid-overlay\" data-display=\"cms-only\">\n<div class=\"cc-m-hgrid-column last\">\n<div id=\"cc-matrix-2648281222\">\n<div id=\"cc-m-9806197022\" class=\"j-module n j-text \">\n<figure><img loading=\"lazy\" decoding=\"async\" class=\"size-medium wp-image-78 alignright\" src=\"https:\/\/ozgard.net\/wp-content\/uploads\/2017\/05\/Fama-cover_English-195x300.jpg\" alt=\"\" width=\"195\" height=\"300\" srcset=\"https:\/\/ozgard.net\/wp-content\/uploads\/2017\/05\/Fama-cover_English-195x300.jpg 195w, https:\/\/ozgard.net\/wp-content\/uploads\/2017\/05\/Fama-cover_English-768x1183.jpg 768w, https:\/\/ozgard.net\/wp-content\/uploads\/2017\/05\/Fama-cover_English-665x1024.jpg 665w, https:\/\/ozgard.net\/wp-content\/uploads\/2017\/05\/Fama-cover_English.jpg 1548w\" sizes=\"(max-width: 195px) 100vw, 195px\" \/><\/figure><p style=\"text-align: left;\">The seminal document known as the <em>Fama Fraternitatis<\/em> (the Proclamation of the Fraternity) burst like a firework over Europe in the early 17th century, igniting the imagination of many with its story of the German seeker Christian Rosenkreuz, his journey through the Middle East in search of wisdom, and his creation of the esoteric Rosicrucian Fraternity. The first of three so-called Rosicrucian Manifestos, it has hitherto received no adequate English translation. Now Christopher McIntosh and Donate Pahnke McIntosh have produced an English rendering, based on careful study of printed and manuscript versions. This edition is an essential resource for all who are drawn to Rosicrucianism, whether as a field of study or a spiritual path.<\/p>\n<h4 style=\"text-align: left;\"><strong><br>FAMA FRATERNITATIS. <\/strong>Manifest des hochl\u00f6blichen Ordens des Rosenkreuzes&nbsp;An die H\u00e4upter, St\u00e4nde und Gelehrten Europas. <em>In heutiges Deutsch \u00fcbertragen&nbsp;und mit Anmerkungen versehen&nbsp;von Donate Pahnke McIntosh. Mit einer Einleitung von&nbsp;<\/em><span style=\"text-align: left;\"><em>Christopher McIntosh<\/em> (Vanadis Texte, 2014. www.vanadis.org)<br><\/span><\/h4>\n<p style=\"text-align: left;\"><span style=\"text-align: left;\">The <em>Fama<\/em> translated into modern German by Donate Pahnke McIntosh, with an introduction by Christopher McIntosh.<br><\/span><\/p>\n<p style=\"text-align: left;\">&nbsp;<\/p>\n<\/div>\n<\/div>\n<\/div>\n<\/div>\n","protected":false},"excerpt":{"rendered":"<p>Recently published by Inner Traditions A SPIRITUAL AUTOBIOGRAPHY Having spent the greater part of my life writing books on the world of the esoteric and works of fiction and biography, in this book I talk about my own life and spiritual path, and the roundabout journey has led me to the Pagan way. I describe &hellip;<\/p>\n<p class=\"read-more\"> <a class=\"\" href=\"https:\/\/ozgard.net\/?page_id=18\"> <span class=\"screen-reader-text\">Books &#8211; non-fiction<\/span> Read More &raquo;<\/a><\/p>\n","protected":false},"author":1,"featured_media":0,"parent":0,"menu_order":0,"comment_status":"closed","ping_status":"closed","template":"","meta":{"site-sidebar-layout":"default","site-content-layout":"default","ast-global-header-display":"","ast-main-header-display":"","ast-hfb-above-header-display":"","ast-hfb-below-header-display":"","ast-hfb-mobile-header-display":"","site-post-title":"","ast-breadcrumbs-content":"","ast-featured-img":"","footer-sml-layout":"","theme-transparent-header-meta":"","adv-header-id-meta":"","stick-header-meta":"","header-above-stick-meta":"","header-main-stick-meta":"","header-below-stick-meta":"","footnotes":""},"_links":{"self":[{"href":"https:\/\/ozgard.net\/index.php?rest_route=\/wp\/v2\/pages\/18"}],"collection":[{"href":"https:\/\/ozgard.net\/index.php?rest_route=\/wp\/v2\/pages"}],"about":[{"href":"https:\/\/ozgard.net\/index.php?rest_route=\/wp\/v2\/types\/page"}],"author":[{"embeddable":true,"href":"https:\/\/ozgard.net\/index.php?rest_route=\/wp\/v2\/users\/1"}],"replies":[{"embeddable":true,"href":"https:\/\/ozgard.net\/index.php?rest_route=%2Fwp%2Fv2%2Fcomments&post=18"}],"version-history":[{"count":20,"href":"https:\/\/ozgard.net\/index.php?rest_route=\/wp\/v2\/pages\/18\/revisions"}],"predecessor-version":[{"id":696,"href":"https:\/\/ozgard.net\/index.php?rest_route=\/wp\/v2\/pages\/18\/revisions\/696"}],"wp:attachment":[{"href":"https:\/\/ozgard.net\/index.php?rest_route=%2Fwp%2Fv2%2Fmedia&parent=18"}],"curies":[{"name":"wp","href":"https:\/\/api.w.org\/{rel}","templated":true}]}}